{"id":8229,"date":"2024-06-14T03:50:59","date_gmt":"2024-06-14T03:50:59","guid":{"rendered":"https:\/\/huarachesparral.com\/?post_type=product&#038;p=8229"},"modified":"2024-06-17T17:04:59","modified_gmt":"2024-06-17T17:04:59","slug":"bull-figure-leather-wallet","status":"publish","type":"product","link":"https:\/\/huarachesparral.com\/es\/tienda\/bull-figure-leather-wallet\/","title":{"rendered":"Billetera con Toro Tejido"},"content":{"rendered":"<p>Cartera de piel original y pita original. Color natural.<br>Hecho en M\u00e9xico<\/br><\/p>\r\n<p>Env\u00edo gratuito de 2 a 6 d\u00edas h\u00e1biles.<\/p>","protected":false},"excerpt":{"rendered":"Original leather wallet and original pita. Natural color.Made in Mexico. Free shipping from 2 to 6 business days.","protected":false},"featured_media":8227,"comment_status":"open","ping_status":"closed","template":"","meta":{"_acf_changed":false,"_editorskit_title_hidden":false,"_editorskit_reading_time":0,"_editorskit_is_block_options_detached":false,"_editorskit_block_options_position":"{}","inline_featured_image":false,"_uag_custom_page_level_css":""},"product_cat":[19],"product_tag":[],"acf":[],"class_list":{"0":"post-8229","1":"product","2":"type-product","3":"status-publish","4":"has-post-thumbnail","6":"product_cat-wallets","8":"first","9":"instock","10":"shipping-taxable","11":"purchasable","12":"product-type-simple"},"uagb_featured_image_src":{"full":["https:\/\/huarachesparral.com\/wp-content\/uploads\/2024\/06\/Bull-Figure-Leather-Wallet.jpeg",1024,935,false],"thumbnail":["https:\/\/huarachesparral.com\/wp-content\/uploads\/2024\/06\/Bull-Figure-Leather-Wallet-150x150.jpeg",150,150,true],"medium":["https:\/\/huarachesparral.com\/wp-content\/uploads\/2024\/06\/Bull-Figure-Leather-Wallet-300x274.jpeg",300,274,true],"medium_large":["https:\/\/huarachesparral.com\/wp-content\/uploads\/2024\/06\/Bull-Figure-Leather-Wallet-768x701.jpeg",768,701,true],"large":["https:\/\/huarachesparral.com\/wp-content\/uploads\/2024\/06\/Bull-Figure-Leather-Wallet.jpeg",1024,935,false],"1536x1536":["https:\/\/huarachesparral.com\/wp-content\/uploads\/2024\/06\/Bull-Figure-Leather-Wallet.jpeg",1024,935,false],"2048x2048":["https:\/\/huarachesparral.com\/wp-content\/uploads\/2024\/06\/Bull-Figure-Leather-Wallet.jpeg",1024,935,false],"trp-custom-language-flag":["https:\/\/huarachesparral.com\/wp-content\/uploads\/2024\/06\/Bull-Figure-Leather-Wallet-13x12.jpeg",13,12,true],"ultp_layout_landscape_large":["https:\/\/huarachesparral.com\/wp-content\/uploads\/2024\/06\/Bull-Figure-Leather-Wallet-1024x800.jpeg",1024,800,true],"ultp_layout_landscape":["https:\/\/huarachesparral.com\/wp-content\/uploads\/2024\/06\/Bull-Figure-Leather-Wallet-870x570.jpeg",870,570,true],"ultp_layout_portrait":["https:\/\/huarachesparral.com\/wp-content\/uploads\/2024\/06\/Bull-Figure-Leather-Wallet-600x900.jpeg",600,900,true],"ultp_layout_square":["https:\/\/huarachesparral.com\/wp-content\/uploads\/2024\/06\/Bull-Figure-Leather-Wallet-600x600.jpeg",600,600,true],"yith_slider_thumb":["https:\/\/huarachesparral.com\/wp-content\/uploads\/2024\/06\/Bull-Figure-Leather-Wallet-300x150.jpeg",300,150,true],"proteo-blog-loop-image":["https:\/\/huarachesparral.com\/wp-content\/uploads\/2024\/06\/Bull-Figure-Leather-Wallet-725x500.jpeg",725,500,true],"proteo-blog-loop-image-wide":["https:\/\/huarachesparral.com\/wp-content\/uploads\/2024\/06\/Bull-Figure-Leather-Wallet-1024x745.jpeg",1024,745,true],"proteo_full_width_image":["https:\/\/huarachesparral.com\/wp-content\/uploads\/2024\/06\/Bull-Figure-Leather-Wallet.jpeg",1024,935,false],"proteo_blog_cropped_cover_image_400":["https:\/\/huarachesparral.com\/wp-content\/uploads\/2024\/06\/Bull-Figure-Leather-Wallet-1024x400.jpeg",1024,400,true],"woocommerce_thumbnail":["https:\/\/huarachesparral.com\/wp-content\/uploads\/2024\/06\/Bull-Figure-Leather-Wallet-362x362.jpeg",362,362,true],"woocommerce_single":["https:\/\/huarachesparral.com\/wp-content\/uploads\/2024\/06\/Bull-Figure-Leather-Wallet-812x741.jpeg",812,741,true],"woocommerce_gallery_thumbnail":["https:\/\/huarachesparral.com\/wp-content\/uploads\/2024\/06\/Bull-Figure-Leather-Wallet-150x150.jpeg",150,150,true]},"uagb_author_info":{"display_name":"gonzalez garcia","author_link":"https:\/\/huarachesparral.com\/es\/author\/"},"uagb_comment_info":0,"uagb_excerpt":"Original leather wallet and original pita. Natural color.Made in Mexico. Free shipping from 2 to 6 business days.","_links":{"self":[{"href":"https:\/\/huarachesparral.com\/es\/wp-json\/wp\/v2\/product\/8229"}],"collection":[{"href":"https:\/\/huarachesparral.com\/es\/wp-json\/wp\/v2\/product"}],"about":[{"href":"https:\/\/huarachesparral.com\/es\/wp-json\/wp\/v2\/types\/product"}],"replies":[{"embeddable":true,"href":"https:\/\/huarachesparral.com\/es\/wp-json\/wp\/v2\/comments?post=8229"}],"wp:featuredmedia":[{"embeddable":true,"href":"https:\/\/huarachesparral.com\/es\/wp-json\/wp\/v2\/media\/8227"}],"wp:attachment":[{"href":"https:\/\/huarachesparral.com\/es\/wp-json\/wp\/v2\/media?parent=8229"}],"wp:term":[{"taxonomy":"product_cat","embeddable":true,"href":"https:\/\/huarachesparral.com\/es\/wp-json\/wp\/v2\/product_cat?post=8229"},{"taxonomy":"product_tag","embeddable":true,"href":"https:\/\/huarachesparral.com\/es\/wp-json\/wp\/v2\/product_tag?post=8229"}],"curies":[{"name":"wp","href":"https:\/\/api.w.org\/{rel}","templated":true}]}}