{"id":7773,"date":"2024-04-22T15:57:21","date_gmt":"2024-04-22T15:57:21","guid":{"rendered":"https:\/\/huarachesparral.com\/?page_id=7773"},"modified":"2024-05-21T20:48:28","modified_gmt":"2024-05-21T20:48:28","slug":"shipping-policies","status":"publish","type":"page","link":"https:\/\/huarachesparral.com\/es\/shipping-policies\/","title":{"rendered":"Pol\u00edticas de Env\u00edo"},"content":{"rendered":"<div  class=\"wp-block-ultimate-post-heading ultp-block-08429c\"><div class=\"ultp-block-wrapper\"><div class=\"ultp-heading-wrap ultp-heading-style1 ultp-heading-center\"><h2 class=\"ultp-heading-inner\"><span>Pol\u00edticas de Env\u00edo<\/span><\/h2><\/div><\/div><\/div>\n\n\n<p>Los pedidos generalmente se procesan dentro de 1 a 4 d\u00edas h\u00e1biles despu\u00e9s de recibir el pago. Tenga en cuenta que los tiempos de procesamiento pueden variar durante las temporadas altas o incluso en promociones.<\/p>\n\n\n\n<p>M\u00e9todo de env\u00edo: los costos de env\u00edo se basan en el peso de su pedido y el destino.<\/p>\n\n\n\n<p>Seguimiento del pedido: una vez que se haya enviado su pedido, recibir\u00e1 una confirmaci\u00f3n de env\u00edo que contiene un n\u00famero de seguimiento. Puede rastrear el estado de su env\u00edo utilizando la informaci\u00f3n de seguimiento profesional en nuestro sitio web.<\/p>\n\n\n\n<p>Direcciones de env\u00edo: Es responsabilidad del cliente proporcionar informaci\u00f3n precisa sobre el env\u00edo. Huaraches Parral no es responsable de pedidos enviados a direcciones incorrectas o proporcionadas por el cliente.<\/p>\n\n\n\n<p>Retrasos en el env\u00edo: si bien hacemos todo lo posible para garantizar la entrega oportuna, circunstancias imprevistas, como las condiciones clim\u00e1ticas u otros factores externos, pueden causar retrasos en el env\u00edo. Agradecemos su comprensi\u00f3n en tales situaciones.<\/p>\n\n\n\n<p>Huaraches Parral. \u00a1Apreciamos tu compra!.<\/p>","protected":false},"excerpt":{"rendered":"Orders are generally processed within 1 to 4 business days after receipt of payment. Please note that processing times may vary during peak seasons or even during promotions. Shipping method: shipping costs are based on the weight of your order and the destination. Order Tracking: Once your order has been shipped, you will receive a<a class=\"more-link\" href=\"https:\/\/huarachesparral.com\/es\/shipping-policies\/\">Ver m\u00e1s  &#10230;<\/a>","protected":false},"author":1,"featured_media":0,"parent":0,"menu_order":0,"comment_status":"closed","ping_status":"closed","template":"","meta":{"_acf_changed":false,"_editorskit_title_hidden":false,"_editorskit_reading_time":0,"_editorskit_is_block_options_detached":false,"_editorskit_block_options_position":"{}","inline_featured_image":false,"_uag_custom_page_level_css":"","footnotes":""},"acf":[],"class_list":["post-7773","page","type-page","status-publish","hentry"],"uagb_featured_image_src":{"full":false,"thumbnail":false,"medium":false,"medium_large":false,"large":false,"1536x1536":false,"2048x2048":false,"trp-custom-language-flag":false,"ultp_layout_landscape_large":false,"ultp_layout_landscape":false,"ultp_layout_portrait":false,"ultp_layout_square":false,"yith_slider_thumb":false,"proteo-blog-loop-image":false,"proteo-blog-loop-image-wide":false,"proteo_full_width_image":false,"proteo_blog_cropped_cover_image_400":false,"woocommerce_thumbnail":false,"woocommerce_single":false,"woocommerce_gallery_thumbnail":false},"uagb_author_info":{"display_name":"admin","author_link":"https:\/\/huarachesparral.com\/es\/author\/admin\/"},"uagb_comment_info":0,"uagb_excerpt":"Orders are generally processed within 1 to 4 business days after receipt of payment. Please note that processing times may vary during peak seasons or even during promotions. Shipping method: shipping costs are based on the weight of your order and the destination. Order Tracking: Once your order has been shipped, you will receive aVer&hellip;","_links":{"self":[{"href":"https:\/\/huarachesparral.com\/es\/wp-json\/wp\/v2\/pages\/7773"}],"collection":[{"href":"https:\/\/huarachesparral.com\/es\/wp-json\/wp\/v2\/pages"}],"about":[{"href":"https:\/\/huarachesparral.com\/es\/wp-json\/wp\/v2\/types\/page"}],"author":[{"embeddable":true,"href":"https:\/\/huarachesparral.com\/es\/wp-json\/wp\/v2\/users\/1"}],"replies":[{"embeddable":true,"href":"https:\/\/huarachesparral.com\/es\/wp-json\/wp\/v2\/comments?post=7773"}],"version-history":[{"count":9,"href":"https:\/\/huarachesparral.com\/es\/wp-json\/wp\/v2\/pages\/7773\/revisions"}],"predecessor-version":[{"id":8199,"href":"https:\/\/huarachesparral.com\/es\/wp-json\/wp\/v2\/pages\/7773\/revisions\/8199"}],"wp:attachment":[{"href":"https:\/\/huarachesparral.com\/es\/wp-json\/wp\/v2\/media?parent=7773"}],"curies":[{"name":"wp","href":"https:\/\/api.w.org\/{rel}","templated":true}]}}