{"id":7771,"date":"2024-04-22T15:51:31","date_gmt":"2024-04-22T15:51:31","guid":{"rendered":"https:\/\/huarachesparral.com\/?page_id=7771"},"modified":"2024-05-21T21:44:37","modified_gmt":"2024-05-21T21:44:37","slug":"terminos-y-condiciones","status":"publish","type":"page","link":"https:\/\/huarachesparral.com\/es\/terminos-y-condiciones\/","title":{"rendered":"T\u00e9rminos y Condiciones"},"content":{"rendered":"<div class=\"wp-block-ultimate-post-row ultp-block-89a571\"><div class=\"ultp-row-wrapper\"><div class=\"ultp-row-content\">\n\n<div class=\"wp-block-ultimate-post-column ultp-block-76b20d\"><div class=\"ultp-column-wrapper\">\n<div  class=\"wp-block-ultimate-post-heading ultp-block-3c5414\"><div class=\"ultp-block-wrapper\"><div class=\"ultp-heading-wrap ultp-heading-style1 ultp-heading-center\"><h2 class=\"ultp-heading-inner\"><span>T\u00e9rminos y Condiciones<\/span><\/h2><\/div><\/div><\/div>\n<\/div><\/div>\n\n\n<div class=\"wp-block-ultimate-post-column ultp-block-02b6a2\"><div class=\"ultp-column-wrapper\">\n\n<div style=\"height:100px\" aria-hidden=\"true\" class=\"wp-block-spacer\"><\/div>\n\n\n<div style=\"height:100px\" aria-hidden=\"true\" class=\"wp-block-spacer\"><\/div>\n\n<p>\u00a1Bienvenido a Huaraches Parral!<\/p>\n<p>Estos t\u00e9rminos y condiciones describen las normas y reglamentos para el uso del sitio web de Huaraches Parral, ubicado en https:\/\/huarachesparral.com\/.<\/p>\n<p>Al acceder a este sitio web asumimos que aceptas estos t\u00e9rminos y condiciones. No contin\u00fae utilizando Huaraches Parral si no est\u00e1 de acuerdo en aceptar todos los t\u00e9rminos y condiciones establecidos en esta p\u00e1gina.<\/p>\n<p>La siguiente terminolog\u00eda se aplica a estos T\u00e9rminos y Condiciones, Declaraci\u00f3n de Privacidad y Aviso de Exenci\u00f3n de Responsabilidad y a todos los Acuerdos: \"Cliente\", \"Usted\" y \"Su\" se refiere a usted, la persona que se registra en este sitio web y cumple con los t\u00e9rminos y condiciones de la Compa\u00f1\u00eda. \"La Compa\u00f1\u00eda\", \"Nosotros\", \"Nosotros\", \"Nuestro\" y \"Nosotros\", se refiere a nuestra empresa. \"Parte\", \"Partes\" o \"Nosotros\", se refiere tanto al Cliente como a nosotros mismos. Todos los t\u00e9rminos se refieren a la oferta, aceptaci\u00f3n y contraprestaci\u00f3n de pago necesaria para llevar a cabo el proceso de nuestra asistencia al Cliente de la manera m\u00e1s adecuada con el prop\u00f3sito expreso de satisfacer las necesidades del Cliente con respecto a la prestaci\u00f3n de los servicios indicados de la Compa\u00f1\u00eda, de conformidad con y con sujeci\u00f3n a, la legislaci\u00f3n vigente de nosotros. Cualquier uso de la terminolog\u00eda anterior u otras palabras en singular, plural, may\u00fasculas y \/ o \u00e9l \/ ella o ellos, se toman como intercambiables y por lo tanto como refiri\u00e9ndose a la misma.<\/p>\n<h3><strong>Cookies<\/strong><\/h3>\n<p>Utilizamos cookies. Al acceder a Huaraches Parral, aceptas el uso de cookies de acuerdo con la Pol\u00edtica de Privacidad de Huaraches Parral. <\/p>\n<p>La mayor\u00eda de los sitios web interactivos utilizan cookies para permitirnos recuperar los datos del usuario en cada visita. Las cookies son utilizadas por nuestro sitio web para permitir la funcionalidad de ciertas \u00e1reas para que sea m\u00e1s f\u00e1cil para las personas que visitan nuestro sitio web. Algunos de nuestros socios afiliados\/publicitarios tambi\u00e9n pueden utilizar cookies.<\/p>\n<h3><strong>Licencia<\/strong><\/h3>\n<p>A menos que se indique lo contrario, Huaraches Parral y\/o sus licenciantes poseen los derechos de propiedad intelectual de todo el material de Huaraches Parral. Todos los derechos de propiedad intelectual est\u00e1n reservados. Puedes acceder a este material de Huaraches Parral para tu uso personal sujeto a las restricciones establecidas en estos t\u00e9rminos y condiciones.<\/p>\n<p>Usted no debe:<\/p>\n<ul>\n    <li>Volver a publicar material de Huaraches Parral<\/li>\n    <li>Vender, alquilar o sublicenciar material de Huaraches Parral<\/li>\n    <li>Reproducir, duplicar o copiar material de Huaraches Parral<\/li>\n    <li>Redistribuir el contenido de Huaraches Parral<\/li>\n<\/ul>\n<p>Usted garantiza y declara que:<\/p>\n<ul>\n    <li>Tiene derecho a publicar los Comentarios en nuestro sitio web y dispone de todas las licencias y consentimientos necesarios para hacerlo;<\/li>\n    <li>Los Comentarios no invaden ning\u00fan derecho de propiedad intelectual, incluidos, entre otros, derechos de autor, patentes o marcas comerciales de terceros;<\/li>\n    <li>Los Comentarios no contienen ning\u00fan material difamatorio, calumnioso, ofensivo, indecente o ilegal que suponga una invasi\u00f3n de la privacidad.<\/li>\n    <li>Los Comentarios no se utilizar\u00e1n para solicitar o promover negocios o costumbres o presentar actividades comerciales o actividades il\u00edcitas.<\/li>\n<\/ul>\n<p>Usted concede a Huaraches Parral una licencia no exclusiva para utilizar, reproducir, editar y autorizar a otros a utilizar, reproducir y editar cualquiera de sus Comentarios en todas y cada una de las formas, formatos o medios.<\/p>\n<h3><strong>Hiperv\u00ednculos a nuestro Contenido<\/strong><\/h3>\n<p>Las siguientes organizaciones pueden enlazar a nuestro Sitio Web sin necesidad de aprobaci\u00f3n previa por escrito:<\/p>\n<ul>\n    <li>Agencias gubernamentales;<\/li>\n    <li>Motores de b\u00fasqueda;<\/li>\n    <li>Organizaciones de noticias;<\/li>\n    <li>Los distribuidores de directorios en l\u00ednea pueden enlazar con nuestro sitio Web de la misma forma que lo hacen con los sitios Web de otras empresas incluidas en la lista; y<\/li>\n    <li>Empresas acreditadas en todo el sistema, excepto organizaciones sin \u00e1nimo de lucro solicitantes, centros comerciales ben\u00e9ficos y grupos de recaudaci\u00f3n de fondos ben\u00e9ficos, que no pueden establecer hiperv\u00ednculos con nuestro Sitio Web.<\/li>\n<\/ul>\n<p>Estas organizaciones pueden enlazar con nuestra p\u00e1gina de inicio, con publicaciones o con otra informaci\u00f3n del sitio web siempre que el enlace (a) no sea en modo alguno enga\u00f1oso; (b) no implique falsamente el patrocinio, respaldo o aprobaci\u00f3n de la parte enlazante y sus productos y\/o servicios; y (c) se ajuste al contexto del sitio de la parte enlazante.<\/p>\n<p>Podemos considerar y aprobar otras solicitudes de enlace de los siguientes tipos de organizaciones<\/p>\n<ul>\n    <li>fuentes de informaci\u00f3n de consumidores y\/o empresas com\u00fanmente conocidas<\/li>\n    <li>sitios de comunidades punto.com<\/li>\n    <li>associations or other groups representing charities;<\/li>\n    <li>online directory distributors;<\/li>\n    <li>internet portals;<\/li>\n    <li>accounting, law and consulting firms; and<\/li>\n    <li>educational institutions and trade associations.<\/li>\n<\/ul>\n<p>Aprobaremos las solicitudes de enlace de estas organizaciones si decidimos que (a) el enlace no nos har\u00e1 quedar mal con nosotros mismos o con nuestras empresas acreditadas; (b) la organizaci\u00f3n no tiene ning\u00fan historial negativo con nosotros; (c) el beneficio para nosotros de la visibilidad del hiperv\u00ednculo compensa la ausencia de Huaraches Parral; y (d) el enlace est\u00e1 en el contexto de informaci\u00f3n general sobre recursos.<\/p>\n<p>Estas organizaciones pueden enlazar con nuestra p\u00c3\u00a1gina de inicio siempre que el enlace (a) no sea en modo alguno enga\u00f1oso; (b) no implique falsamente el patrocinio, respaldo o aprobaci\u00f3n de la parte enlazante y sus productos o servicios; y (c) se ajuste al contexto del sitio de la parte enlazante.<\/p>\n<p>Si usted es una de las organizaciones enumeradas en el apartado 2 anterior y est\u00e1 interesado en establecer un enlace con nuestro sitio web, debe informarnos enviando un correo electr\u00f3nico a Huaraches Parral. Por favor, incluya su nombre, el nombre de su organizaci\u00f3n, informaci\u00f3n de contacto, as\u00ed como la URL de su sitio, una lista de las URL desde las que pretende enlazar a nuestro sitio web, y una lista de las URL de nuestro sitio a las que le gustar\u00eda enlazar. Espere 2-3 semanas para recibir una respuesta.<\/p>\n<p>Approved organizations may hyperlink to our Website as follows:<\/p>\n<ul>\n    <li>By use of our corporate name; or<\/li>\n    <li>By use of the uniform resource locator being linked to; or<\/li>\n    <li>By use of any other description of our Website being linked to that makes sense within the context and format of content on the linking party&#8217;s site.<\/li>\n<\/ul>\n<p>No se permitir\u00e1 el uso del logotipo de Huaraches Parral u otras ilustraciones para establecer enlaces sin un acuerdo de licencia de marca.<\/p>\n<h3><strong>iFrames<\/strong><\/h3>\n<p>Sin la aprobaci\u00f3n previa y el permiso por escrito, usted no puede crear marcos alrededor de nuestras p\u00e1ginas web que alteren de alguna manera la presentaci\u00f3n visual o la apariencia de nuestro sitio web.<\/p>\n<h3><strong>Responsabilidad por el contenido<\/strong><\/h3>\n<p>No seremos responsables de ning\u00fan contenido que aparezca en su Sitio Web. Usted se compromete a protegernos y defendernos frente a cualquier reclamaci\u00f3n que se plantee en su Sitio Web. No debe aparecer ning\u00fan enlace en ninguna p\u00e1gina web que pueda interpretarse como difamatorio, obsceno o delictivo, o que infrinja, viole de otro modo o propugne la infracci\u00f3n u otra violaci\u00f3n de los derechos de terceros.<\/p>\n<h3><strong>Reserva de derechos<\/strong><\/h3>\n<p>Nos reservamos el derecho a solicitarle que elimine todos los enlaces o cualquier enlace concreto a nuestro Sitio Web. Usted se compromete a eliminar inmediatamente todos los enlaces a nuestro Sitio Web cuando as\u00ed se le solicite. Tambi\u00e9n nos reservamos el derecho de modificar estos t\u00e9rminos y condiciones y su pol\u00edtica de enlaces en cualquier momento. Al enlazar continuamente con nuestro sitio web, usted acepta cumplir y respetar estas condiciones de enlace.<\/p>\n<h3><strong>Eliminaci\u00f3n de enlaces de nuestro sitio web<\/strong><\/h3>\n<p>Si encuentra alg\u00fan enlace en nuestro sitio web que le resulte ofensivo por cualquier motivo, puede ponerse en contacto con nosotros e informarnos en cualquier momento. Tendremos en cuenta las solicitudes de eliminaci\u00f3n de enlaces, pero no estamos obligados a ello ni a responderle directamente.<\/p>\n<p>No aseguramos que la informaci\u00f3n contenida en este sitio web sea correcta, no garantizamos que sea completa ni exacta; tampoco prometemos que el sitio web siga estando disponible ni que el material contenido en \u00e9l se mantenga actualizado.<\/p>\n<h3><strong>Descargo de responsabilidad<\/strong><\/h3>\n<p>En la medida m\u00e1xima permitida por la ley aplicable, excluimos todas las representaciones, garant\u00edas y condiciones relacionadas con nuestro sitio web y el uso de este sitio web. Nada de lo contenido en esta cl\u00e1usula de exenci\u00f3n de responsabilidad<\/p>\n<ul>\n    <li>limitar\u00e1 o excluir\u00e1 nuestra o su responsabilidad por muerte o lesiones personales;<\/li>\n    <li>limitar\u00e1 o excluir\u00e1 nuestra responsabilidad por fraude o declaraci\u00f3n fraudulenta;<\/li>\n    <li>limitar\u00e1 cualquiera de nuestras responsabilidades o las suyas de cualquier forma que no est\u00e9 permitida por la legislaci\u00f3n aplicable; o<\/li>\n    <li>excluir cualquiera de nuestras responsabilidades o de las suyas que no puedan excluirse en virtud de la legislaci\u00f3n aplicable.<\/li>\n<\/ul>\n<p>Las limitaciones y prohibiciones de responsabilidad establecidas en esta secci\u00f3n y en otras partes de esta cl\u00e1usula de exenci\u00f3n de responsabilidad: (a) est\u00e1n sujetas al p\u00e1rrafo anterior; y (b) rigen todas las responsabilidades derivadas de la cl\u00e1usula de exenci\u00f3n de responsabilidad, incluidas las responsabilidades contractuales, extracontractuales y por incumplimiento de obligaciones legales.<\/p>\n<p>Mientras el sitio web y la informaci\u00f3n y los servicios que contiene se ofrezcan de forma gratuita, no seremos responsables de ninguna p\u00e9rdida o da\u00f1o de cualquier naturaleza.<\/p>\n\n\n<div style=\"height:100px\" aria-hidden=\"true\" class=\"wp-block-spacer\"><\/div>\n\n<\/div><\/div>\n\n\n<\/div>\n<\/div>\n<\/div>\n<p><!-- \/wp:ultimate-post\/row --><\/p>","protected":false},"excerpt":{"rendered":"","protected":false},"author":1,"featured_media":0,"parent":0,"menu_order":0,"comment_status":"closed","ping_status":"closed","template":"","meta":{"_acf_changed":false,"_editorskit_title_hidden":false,"_editorskit_reading_time":0,"_editorskit_is_block_options_detached":false,"_editorskit_block_options_position":"{}","inline_featured_image":false,"_uag_custom_page_level_css":"","footnotes":""},"acf":[],"class_list":["post-7771","page","type-page","status-publish","hentry"],"uagb_featured_image_src":{"full":false,"thumbnail":false,"medium":false,"medium_large":false,"large":false,"1536x1536":false,"2048x2048":false,"trp-custom-language-flag":false,"ultp_layout_landscape_large":false,"ultp_layout_landscape":false,"ultp_layout_portrait":false,"ultp_layout_square":false,"yith_slider_thumb":false,"proteo-blog-loop-image":false,"proteo-blog-loop-image-wide":false,"proteo_full_width_image":false,"proteo_blog_cropped_cover_image_400":false,"woocommerce_thumbnail":false,"woocommerce_single":false,"woocommerce_gallery_thumbnail":false},"uagb_author_info":{"display_name":"admin","author_link":"https:\/\/huarachesparral.com\/es\/author\/admin\/"},"uagb_comment_info":0,"uagb_excerpt":null,"_links":{"self":[{"href":"https:\/\/huarachesparral.com\/es\/wp-json\/wp\/v2\/pages\/7771"}],"collection":[{"href":"https:\/\/huarachesparral.com\/es\/wp-json\/wp\/v2\/pages"}],"about":[{"href":"https:\/\/huarachesparral.com\/es\/wp-json\/wp\/v2\/types\/page"}],"author":[{"embeddable":true,"href":"https:\/\/huarachesparral.com\/es\/wp-json\/wp\/v2\/users\/1"}],"replies":[{"embeddable":true,"href":"https:\/\/huarachesparral.com\/es\/wp-json\/wp\/v2\/comments?post=7771"}],"version-history":[{"count":11,"href":"https:\/\/huarachesparral.com\/es\/wp-json\/wp\/v2\/pages\/7771\/revisions"}],"predecessor-version":[{"id":8202,"href":"https:\/\/huarachesparral.com\/es\/wp-json\/wp\/v2\/pages\/7771\/revisions\/8202"}],"wp:attachment":[{"href":"https:\/\/huarachesparral.com\/es\/wp-json\/wp\/v2\/media?parent=7771"}],"curies":[{"name":"wp","href":"https:\/\/api.w.org\/{rel}","templated":true}]}}