{"id":28,"date":"2024-04-13T04:04:21","date_gmt":"2024-04-13T04:04:21","guid":{"rendered":"https:\/\/huarachesparral.com\/?page_id=28"},"modified":"2024-05-23T22:36:30","modified_gmt":"2024-05-23T22:36:30","slug":"about-us","status":"publish","type":"page","link":"https:\/\/huarachesparral.com\/es\/about-us\/","title":{"rendered":"Sobre nosotros"},"content":{"rendered":"<div class=\"wp-block-ultimate-post-row alignfull ultp-block-0dc967  ultpBgPadding lgL lgR smL smR xsL xsR\"><div class=\"ultp-row-wrapper\"><div class=\"ultp-row-content\">\n<div class=\"wp-block-ultimate-post-column ultp-block-3f2b88\"><div class=\"ultp-column-wrapper\"><div  class=\"wp-block-ultimate-post-heading ultp-block-3046dd alignfull\"><div class=\"ultp-block-wrapper\"><div class=\"ultp-heading-wrap ultp-heading-style1 ultp-heading-center\"><h2 class=\"ultp-heading-inner\"><span>Sobre nosotros<\/span><\/h2><\/div><\/div><\/div><\/div><\/div>\n<\/div><\/div><\/div>\n\n\n\n<div class=\"wp-block-ultimate-post-row ultp-block-b8d327\"><div class=\"ultp-row-wrapper\"><div class=\"ultp-row-content\">\n<div class=\"wp-block-ultimate-post-column ultp-block-df6d9d\"><div class=\"ultp-column-wrapper\">\n<p style=\"font-size:21px\">Huaraches Parral es un negocio familiar fundado en 2017. Estamos localizados en Nashville TN.<br>Nuestros productos son 100% artesanales elaborados con cueros originales y cueros ex\u00f3ticos de EE.UU. Algunos de los productos que elaboramos son cinturones, carteras y bolsos para mujer, por nombrar algunos.<br>Nuestro enfoque es brindar al cliente la mejor calidad en cada producto elaborado a mano por nuestra empresa garantizando la satisfacci\u00f3n del cliente al adquirir nuestro producto.<\/p>\n<\/div><\/div>\n\n\n\n<div class=\"wp-block-ultimate-post-column ultp-block-e9caed\"><div class=\"ultp-column-wrapper\"><div  class=\"wp-block-ultimate-post-image ultp-block-0cac4e\"><div class=\"ultp-block-wrapper\"><figure class=\"ultp-image-block-wrapper\"><div class=\"ultp-image-block ultp-image-block-zoomIn\"><img decoding=\"async\"  class=\"ultp-image\"  alt=\"Image Not Found\"  src=\"https:\/\/huarachesparral.com\/wp-content\/uploads\/2024\/04\/Untitled-design-6-1024x576.png\" \/><\/div><\/figure><\/div><\/div><\/div><\/div>\n<\/div><\/div><\/div>\n\n\n\n<div class=\"wp-block-ultimate-post-row ultp-block-5b6f17  ultpBgPadding lgL lgR smL smR xsL xsR\"><div class=\"ultp-row-wrapper\"><div class=\"ultp-row-content\">\n<div class=\"wp-block-ultimate-post-column ultp-block-eef1c9\"><div class=\"ultp-column-wrapper\">\n<div style=\"height:0px\" aria-hidden=\"true\" class=\"wp-block-spacer\"><\/div>\n<\/div><\/div>\n<\/div><\/div><\/div>\n\n\n\n<div class=\"wp-block-ultimate-post-row ultp-block-9eeff9\"><div class=\"ultp-row-wrapper\"><div class=\"ultp-row-content\">\n<div class=\"wp-block-ultimate-post-column ultp-block-6a0507\"><div class=\"ultp-column-wrapper\">\n<p style=\"font-size:20px\">Descubre el legado de nuestro patrimonio familiar dedicado a la creaci\u00f3n de productos artesanales de piel. Transmitida a trav\u00e9s de generaciones, nuestra pasi\u00f3n por la calidad y la artesan\u00eda permanece en el coraz\u00f3n de todo lo que hacemos. Cada art\u00edculo es meticulosamente elaborado, reflejando una tradici\u00f3n de excelencia y un compromiso con la preservaci\u00f3n del arte de la talabarter\u00eda. \u00danete a nosotros en este viaje y experimenta la elegancia atemporal de nuestros productos de cuero hechos a mano.<\/p>\n\n\n\n<p><\/p>\n<\/div><\/div>\n\n\n\n<div class=\"wp-block-ultimate-post-column ultp-block-690024\"><div class=\"ultp-column-wrapper\"><div  class=\"wp-block-ultimate-post-image ultp-block-094268\"><div class=\"ultp-block-wrapper\"><figure class=\"ultp-image-block-wrapper\"><div class=\"ultp-image-block ultp-image-block-zoomIn\"><img decoding=\"async\"  class=\"ultp-image\"  alt=\"Image Not Found\"  src=\"https:\/\/huarachesparral.com\/wp-content\/uploads\/2024\/04\/Untitled-design-5-1024x576.png\" \/><\/div><\/figure><\/div><\/div><\/div><\/div>\n<\/div><\/div><\/div>\n\n\n\n<div class=\"wp-block-ultimate-post-row ultp-block-87a9e8\"><div class=\"ultp-row-wrapper\"><div class=\"ultp-row-content\">\n<div class=\"wp-block-ultimate-post-column ultp-block-979a55\"><div class=\"ultp-column-wrapper\"><\/div><\/div>\n<\/div><\/div><\/div>","protected":false},"excerpt":{"rendered":"","protected":false},"author":1,"featured_media":0,"parent":0,"menu_order":0,"comment_status":"closed","ping_status":"closed","template":"","meta":{"_acf_changed":false,"_editorskit_title_hidden":true,"_editorskit_reading_time":0,"_editorskit_is_block_options_detached":false,"_editorskit_block_options_position":"{}","inline_featured_image":false,"_uag_custom_page_level_css":"","footnotes":""},"acf":[],"class_list":["post-28","page","type-page","status-publish","hentry"],"uagb_featured_image_src":{"full":false,"thumbnail":false,"medium":false,"medium_large":false,"large":false,"1536x1536":false,"2048x2048":false,"trp-custom-language-flag":false,"ultp_layout_landscape_large":false,"ultp_layout_landscape":false,"ultp_layout_portrait":false,"ultp_layout_square":false,"yith_slider_thumb":false,"proteo-blog-loop-image":false,"proteo-blog-loop-image-wide":false,"proteo_full_width_image":false,"proteo_blog_cropped_cover_image_400":false,"woocommerce_thumbnail":false,"woocommerce_single":false,"woocommerce_gallery_thumbnail":false},"uagb_author_info":{"display_name":"admin","author_link":"https:\/\/huarachesparral.com\/es\/author\/admin\/"},"uagb_comment_info":0,"uagb_excerpt":null,"_links":{"self":[{"href":"https:\/\/huarachesparral.com\/es\/wp-json\/wp\/v2\/pages\/28"}],"collection":[{"href":"https:\/\/huarachesparral.com\/es\/wp-json\/wp\/v2\/pages"}],"about":[{"href":"https:\/\/huarachesparral.com\/es\/wp-json\/wp\/v2\/types\/page"}],"author":[{"embeddable":true,"href":"https:\/\/huarachesparral.com\/es\/wp-json\/wp\/v2\/users\/1"}],"replies":[{"embeddable":true,"href":"https:\/\/huarachesparral.com\/es\/wp-json\/wp\/v2\/comments?post=28"}],"version-history":[{"count":34,"href":"https:\/\/huarachesparral.com\/es\/wp-json\/wp\/v2\/pages\/28\/revisions"}],"predecessor-version":[{"id":8211,"href":"https:\/\/huarachesparral.com\/es\/wp-json\/wp\/v2\/pages\/28\/revisions\/8211"}],"wp:attachment":[{"href":"https:\/\/huarachesparral.com\/es\/wp-json\/wp\/v2\/media?parent=28"}],"curies":[{"name":"wp","href":"https:\/\/api.w.org\/{rel}","templated":true}]}}